{"id":1284,"date":"2020-02-10T09:39:48","date_gmt":"2020-02-10T08:39:48","guid":{"rendered":"https:\/\/herter.oms-smart.de\/imprint\/"},"modified":"2020-03-02T08:22:57","modified_gmt":"2020-03-02T07:22:57","slug":"imprint","status":"publish","type":"page","link":"https:\/\/herter.oms-smart.de\/en\/imprint\/","title":{"rendered":"Legal Notice"},"content":{"rendered":"<p><strong>Herter &amp; Co. GmbH<\/strong><br \/>\nGuiollettstr. 54<br \/>\n60325 Frankfurt am Main<br \/>\nGermany<\/p>\n<p>Phone:\u00a0+49\u00a069\u00a0770\u00a01991\u00a0\u2013\u00a00<br \/>\nFax:\u00a0+49\u00a069\u00a0770\u00a01991\u00a0\u2013 11<\/p>\n<p><a class=\"email\" href=\"mailto:info@herter-co.de\">info@herter-co.de<\/a><\/p>\n<p><strong>Responsible for content according to \u00a7\u00a055 paragraph 2 RStV:<\/strong><br \/>\nMarcel Herter, see above for adresse<\/p>\n<p><strong>Authorized representative of the company<br \/>\n<\/strong>Marcel Herter,\u00a0Paul H. F. Kim<\/p>\n<p><strong>USt-IdNr.:<\/strong>\u00a0DE 283283352<\/p>\n<p><strong>Handelsregister-Eintrag:<\/strong> Amtsgericht Frankfurt am Main,\u00a0HRB 93724<\/p>\n<h2>Nutzungshinweise<\/h2>\n<h3>1. Inhalt des Onlineangebotes<\/h3>\n<p>Der Autor \u00fcbernimmt keinerlei Gew\u00e4hr f\u00fcr die Aktualit\u00e4t, Korrektheit, Vollst\u00e4ndigkeit oder Qualit\u00e4t der bereitgestellten Informationen. Haftungsanspr\u00fcche gegen den Autor, welche sich auf Sch\u00e4den materieller oder ideeller Art beziehen, die durch die Nutzung oder Nichtnutzung der dargebotenen Informationen bzw. durch die Nutzung fehlerhafter und unvollst\u00e4ndiger Informationen verursacht wurden, sind grunds\u00e4tzlich ausgeschlossen, sofern seitens des Autors kein nachweislich vors\u00e4tzliches oder grob fahrl\u00e4ssiges Verschulden vorliegt. Alle Angebote sind freibleibend und unverbindlich.Das Unternehmen beh\u00e4lt es sich ausdr\u00fccklich vor, Teile der Seiten oder das gesamte Angebot ohne gesonderte Ank\u00fcndigung zu ver\u00e4ndern, zu erg\u00e4nzen, zu l\u00f6schen oder die Ver\u00f6ffentlichung zeitweise oder endg\u00fcltig einzustellen.<\/p>\n<h3>2. Haftungshinweis<\/h3>\n<p>Bei direkten oder indirekten Verweisen auf fremde Internetseiten (&#8220;Links&#8221;), die au\u00dferhalb des Verantwortungsbereiches des Autors liegen, w\u00fcrde eine Haftungsverpflichtung ausschlie\u00dflich in dem Fall in Kraft treten, in dem der Autor von den Inhalten Kenntnis hat und es ihm technisch m\u00f6glich und zumutbar w\u00e4re, die Nutzung im Falle rechtswidriger Inhalte zu verhindern. Allein der Verfasser der jeweiligen Homepage, auf die verwiesen wird, ist f\u00fcr deren Inhalt allein verantwortlich. Auf die aktuelle und zuk\u00fcnftige Gestaltung, die Inhalte oder die Urheberschaft der gelinkten\/verkn\u00fcpften Seiten hat der Autor keinerlei Einfluss. Deshalb distanziert er sich hiermit ausdr\u00fccklich von allen Inhalten aller gelinkten \/verkn\u00fcpften Seiten, die nach der Linksetzung ver\u00e4ndert wurden. Diese Feststellung gilt f\u00fcr alle innerhalb des eigenen Internetangebotes gesetzten Links und Verweise sowie f\u00fcr Fremdeintr\u00e4ge in von dem Autor eingerichteten G\u00e4steb\u00fcchern, Diskussionsforen und Mailinglisten. F\u00fcr illegale, fehlerhafte oder unvollst\u00e4ndigeInhalte und insbesondere f\u00fcr Sch\u00e4den, die aus der Nutzung oder Nichtnutzung solcherart dargebotener Informationenentstehen, haftet allein der Anbieter der Seite, auf welche verwiesen wurde, nicht derjenige, der \u00fcber Links auf diejeweilige Ver\u00f6ffentlichung lediglich verweist.<\/p>\n<h3>3. Urheber- und Kennzeichenrecht<\/h3>\n<p>Der Autor ist bestrebt, in allen Publikationen die Urheberrechte der verwendeten Grafiken, Tondokumente,Videosequenzen und Texte zu beachten, von ihm selbst erstellte Grafiken, Tondokumente, Videosequenzen und Texte zunutzen oder auf lizenzfreie Grafiken, Tondokumente, Videosequenzen und Texte zur\u00fcckzugreifen.Alle innerhalb des Internetangebotes genannten und ggf. durch Dritte gesch\u00fctzten Marken- und Warenzeichenunterliegen uneingeschr\u00e4nkt den Bestimmungen des jeweils g\u00fcltigen Kennzeichenrechts und den Besitzrechtender jeweiligen eingetragenen Eigent\u00fcmer. Allein aufgrund der blo\u00dfen Nennung ist nicht der Schluss zu ziehen,dass Markenzeichen nicht durch Rechte Dritter gesch\u00fctzt sind! Das Copyright f\u00fcr ver\u00f6ffentlichte, von dem Autorselbst erstellte Objekte bleibt allein bei dem Autor der Seiten. Eine Vervielf\u00e4ltigung oder Verwendung solcher Grafiken,Tondokumente,Videosequenzen und Texte in anderen elektronischen oder gedruckten Publikationen ist ohne ausdr\u00fcckliche schriftliche Zustimmung des Autors nicht gestattet.<\/p>\n","protected":false},"excerpt":{"rendered":"<p>Herter &amp; Co. GmbH Guiollettstr. 54 60325 Frankfurt am Main Germany Phone:\u00a0+49\u00a069\u00a0770\u00a01991\u00a0\u2013\u00a00 Fax:\u00a0+49\u00a069\u00a0770\u00a01991\u00a0\u2013 11 info@herter-co.de Responsible for content according to \u00a7\u00a055 paragraph 2 RStV: Marcel Herter, see above for adresse&#8230;<\/p>\n","protected":false},"author":1,"featured_media":0,"parent":0,"menu_order":0,"comment_status":"closed","ping_status":"closed","template":"","meta":{"_acf_changed":false,"footnotes":""},"acf":[],"yoast_head":"<!-- This site is optimized with the Yoast SEO plugin v23.5 - https:\/\/yoast.com\/wordpress\/plugins\/seo\/ -->\n<title>Legal Notice - Herter &amp; Co<\/title>\n<meta name=\"robots\" content=\"noindex, follow, max-snippet:-1, max-image-preview:large, max-video-preview:-1\" \/>\n<meta property=\"og:locale\" content=\"en_US\" \/>\n<meta property=\"og:type\" content=\"article\" \/>\n<meta property=\"og:title\" content=\"Legal Notice - Herter &amp; Co\" \/>\n<meta property=\"og:description\" content=\"Herter &amp; Co. GmbH Guiollettstr. 54 60325 Frankfurt am Main Germany Phone:\u00a0+49\u00a069\u00a0770\u00a01991\u00a0\u2013\u00a00 Fax:\u00a0+49\u00a069\u00a0770\u00a01991\u00a0\u2013 11 info@herter-co.de Responsible for content according to \u00a7\u00a055 paragraph 2 RStV: Marcel Herter, see above for adresse...\" \/>\n<meta property=\"og:url\" content=\"https:\/\/herter.oms-smart.de\/en\/imprint\/\" \/>\n<meta property=\"og:site_name\" content=\"Herter &amp; Co\" \/>\n<meta property=\"article:modified_time\" content=\"2020-03-02T07:22:57+00:00\" \/>\n<meta name=\"twitter:card\" content=\"summary_large_image\" \/>\n<meta name=\"twitter:label1\" content=\"Est. reading time\" \/>\n\t<meta name=\"twitter:data1\" content=\"2 minutes\" \/>\n<script type=\"application\/ld+json\" class=\"yoast-schema-graph\">{\"@context\":\"https:\/\/schema.org\",\"@graph\":[{\"@type\":\"WebPage\",\"@id\":\"https:\/\/herter.oms-smart.de\/en\/imprint\/\",\"url\":\"https:\/\/herter.oms-smart.de\/en\/imprint\/\",\"name\":\"Legal Notice - Herter &amp; Co\",\"isPartOf\":{\"@id\":\"https:\/\/herter.oms-smart.de\/#website\"},\"datePublished\":\"2020-02-10T08:39:48+00:00\",\"dateModified\":\"2020-03-02T07:22:57+00:00\",\"breadcrumb\":{\"@id\":\"https:\/\/herter.oms-smart.de\/en\/imprint\/#breadcrumb\"},\"inLanguage\":\"en-US\",\"potentialAction\":[{\"@type\":\"ReadAction\",\"target\":[\"https:\/\/herter.oms-smart.de\/en\/imprint\/\"]}]},{\"@type\":\"BreadcrumbList\",\"@id\":\"https:\/\/herter.oms-smart.de\/en\/imprint\/#breadcrumb\",\"itemListElement\":[{\"@type\":\"ListItem\",\"position\":1,\"name\":\"Startseite\",\"item\":\"https:\/\/herter.oms-smart.de\/en\/\"},{\"@type\":\"ListItem\",\"position\":2,\"name\":\"Legal Notice\"}]},{\"@type\":\"WebSite\",\"@id\":\"https:\/\/herter.oms-smart.de\/#website\",\"url\":\"https:\/\/herter.oms-smart.de\/\",\"name\":\"Herter &amp; Co\",\"description\":\"\",\"potentialAction\":[{\"@type\":\"SearchAction\",\"target\":{\"@type\":\"EntryPoint\",\"urlTemplate\":\"https:\/\/herter.oms-smart.de\/?s={search_term_string}\"},\"query-input\":{\"@type\":\"PropertyValueSpecification\",\"valueRequired\":true,\"valueName\":\"search_term_string\"}}],\"inLanguage\":\"en-US\"}]}<\/script>\n<!-- \/ Yoast SEO plugin. -->","yoast_head_json":{"title":"Legal Notice - Herter &amp; Co","robots":{"index":"noindex","follow":"follow","max-snippet":"max-snippet:-1","max-image-preview":"max-image-preview:large","max-video-preview":"max-video-preview:-1"},"og_locale":"en_US","og_type":"article","og_title":"Legal Notice - Herter &amp; Co","og_description":"Herter &amp; Co. GmbH Guiollettstr. 54 60325 Frankfurt am Main Germany Phone:\u00a0+49\u00a069\u00a0770\u00a01991\u00a0\u2013\u00a00 Fax:\u00a0+49\u00a069\u00a0770\u00a01991\u00a0\u2013 11 info@herter-co.de Responsible for content according to \u00a7\u00a055 paragraph 2 RStV: Marcel Herter, see above for adresse...","og_url":"https:\/\/herter.oms-smart.de\/en\/imprint\/","og_site_name":"Herter &amp; Co","article_modified_time":"2020-03-02T07:22:57+00:00","twitter_card":"summary_large_image","twitter_misc":{"Est. reading time":"2 minutes"},"schema":{"@context":"https:\/\/schema.org","@graph":[{"@type":"WebPage","@id":"https:\/\/herter.oms-smart.de\/en\/imprint\/","url":"https:\/\/herter.oms-smart.de\/en\/imprint\/","name":"Legal Notice - Herter &amp; Co","isPartOf":{"@id":"https:\/\/herter.oms-smart.de\/#website"},"datePublished":"2020-02-10T08:39:48+00:00","dateModified":"2020-03-02T07:22:57+00:00","breadcrumb":{"@id":"https:\/\/herter.oms-smart.de\/en\/imprint\/#breadcrumb"},"inLanguage":"en-US","potentialAction":[{"@type":"ReadAction","target":["https:\/\/herter.oms-smart.de\/en\/imprint\/"]}]},{"@type":"BreadcrumbList","@id":"https:\/\/herter.oms-smart.de\/en\/imprint\/#breadcrumb","itemListElement":[{"@type":"ListItem","position":1,"name":"Startseite","item":"https:\/\/herter.oms-smart.de\/en\/"},{"@type":"ListItem","position":2,"name":"Legal Notice"}]},{"@type":"WebSite","@id":"https:\/\/herter.oms-smart.de\/#website","url":"https:\/\/herter.oms-smart.de\/","name":"Herter &amp; Co","description":"","potentialAction":[{"@type":"SearchAction","target":{"@type":"EntryPoint","urlTemplate":"https:\/\/herter.oms-smart.de\/?s={search_term_string}"},"query-input":{"@type":"PropertyValueSpecification","valueRequired":true,"valueName":"search_term_string"}}],"inLanguage":"en-US"}]}},"_links":{"self":[{"href":"https:\/\/herter.oms-smart.de\/en\/wp-json\/wp\/v2\/pages\/1284"}],"collection":[{"href":"https:\/\/herter.oms-smart.de\/en\/wp-json\/wp\/v2\/pages"}],"about":[{"href":"https:\/\/herter.oms-smart.de\/en\/wp-json\/wp\/v2\/types\/page"}],"author":[{"embeddable":true,"href":"https:\/\/herter.oms-smart.de\/en\/wp-json\/wp\/v2\/users\/1"}],"replies":[{"embeddable":true,"href":"https:\/\/herter.oms-smart.de\/en\/wp-json\/wp\/v2\/comments?post=1284"}],"version-history":[{"count":2,"href":"https:\/\/herter.oms-smart.de\/en\/wp-json\/wp\/v2\/pages\/1284\/revisions"}],"predecessor-version":[{"id":1478,"href":"https:\/\/herter.oms-smart.de\/en\/wp-json\/wp\/v2\/pages\/1284\/revisions\/1478"}],"wp:attachment":[{"href":"https:\/\/herter.oms-smart.de\/en\/wp-json\/wp\/v2\/media?parent=1284"}],"curies":[{"name":"wp","href":"https:\/\/api.w.org\/{rel}","templated":true}]}}